{"id":43,"date":"2023-11-07T23:03:58","date_gmt":"2023-11-08T02:03:58","guid":{"rendered":"https:\/\/novosaopaulo.com.br\/n1\/?page_id=43"},"modified":"2023-11-07T23:03:58","modified_gmt":"2023-11-08T02:03:58","slug":"radio-estancia-de-poa-875-fm","status":"publish","type":"page","link":"https:\/\/novosaopaulo.com.br\/n1\/radio-estancia-de-poa-875-fm\/","title":{"rendered":"R\u00e1dio Est\u00e2ncia de Po\u00e1 87,5 FM"},"content":{"rendered":"","protected":false},"excerpt":{"rendered":"","protected":false},"author":1,"featured_media":0,"parent":0,"menu_order":0,"comment_status":"closed","ping_status":"closed","template":"","meta":{"footnotes":""},"_links":{"self":[{"href":"https:\/\/novosaopaulo.com.br\/n1\/wp-json\/wp\/v2\/pages\/43"}],"collection":[{"href":"https:\/\/novosaopaulo.com.br\/n1\/wp-json\/wp\/v2\/pages"}],"about":[{"href":"https:\/\/novosaopaulo.com.br\/n1\/wp-json\/wp\/v2\/types\/page"}],"author":[{"embeddable":true,"href":"https:\/\/novosaopaulo.com.br\/n1\/wp-json\/wp\/v2\/users\/1"}],"replies":[{"embeddable":true,"href":"https:\/\/novosaopaulo.com.br\/n1\/wp-json\/wp\/v2\/comments?post=43"}],"version-history":[{"count":1,"href":"https:\/\/novosaopaulo.com.br\/n1\/wp-json\/wp\/v2\/pages\/43\/revisions"}],"predecessor-version":[{"id":45,"href":"https:\/\/novosaopaulo.com.br\/n1\/wp-json\/wp\/v2\/pages\/43\/revisions\/45"}],"wp:attachment":[{"href":"https:\/\/novosaopaulo.com.br\/n1\/wp-json\/wp\/v2\/media?parent=43"}],"curies":[{"name":"wp","href":"https:\/\/api.w.org\/{rel}","templated":true}]}}